{"id":46,"date":"2022-11-25T12:06:02","date_gmt":"2022-11-25T12:06:02","guid":{"rendered":"https:\/\/profisibspedition.ro\/?page_id=46"},"modified":"2023-08-25T06:48:21","modified_gmt":"2023-08-25T06:48:21","slug":"gdpr","status":"publish","type":"page","link":"https:\/\/profisibspedition.ro\/index.php\/gdpr\/","title":{"rendered":"GDPR"},"content":{"rendered":"<p>[et_pb_section fb_built=&#8221;1&#8243; custom_padding_last_edited=&#8221;on|tablet&#8221; admin_label=&#8221;Hero&#8221; _builder_version=&#8221;4.19.0&#8243; use_background_color_gradient=&#8221;on&#8221; background_color_gradient_stops=&#8221;rgba(27,31,37,0) 0%|#1b1f25 100%&#8221; background_color_gradient_overlays_image=&#8221;on&#8221; background_color_gradient_start=&#8221;rgba(27,31,37,0)&#8221; background_color_gradient_end=&#8221;#1b1f25&#8243; background_image=&#8221;http:\/\/profisibspedition.ro\/wp-content\/uploads\/2022\/11\/kenny-leys-j27SKDa-vBg-unsplash.jpg&#8221; custom_margin=&#8221;0px|||&#8221; custom_padding=&#8221;0px|10%|0px|10%|true|true&#8221; custom_padding_tablet=&#8221;|30px||30px||true&#8221; custom_padding_phone=&#8221;|||||true&#8221; locked=&#8221;off&#8221; global_colors_info=&#8221;{}&#8221;][et_pb_row column_structure=&#8221;2_3,1_3&#8243; padding_top_bottom_link_1=&#8221;true&#8221; padding_left_right_link_1=&#8221;true&#8221; _builder_version=&#8221;4.16&#8243; background_size=&#8221;initial&#8221; background_position=&#8221;top_left&#8221; width=&#8221;100%&#8221; max_width=&#8221;100%&#8221; custom_margin=&#8221;|||&#8221; custom_padding=&#8221;0||0px||false|false&#8221; use_custom_width=&#8221;on&#8221; width_unit=&#8221;off&#8221; custom_width_percent=&#8221;100%&#8221; global_colors_info=&#8221;{}&#8221;][et_pb_column type=&#8221;2_3&#8243; _builder_version=&#8221;4.16&#8243; use_background_color_gradient=&#8221;on&#8221; background_color_gradient_stops=&#8221;rgba(0,0,0,0.12) 0%|rgba(255,255,255,0) 100%&#8221; background_color_gradient_start=&#8221;rgba(0,0,0,0.12)&#8221; background_color_gradient_end=&#8221;rgba(255,255,255,0)&#8221; custom_padding=&#8221;12vw|40px|12vw|40px&#8221; custom_padding_tablet=&#8221;|||&#8221; custom_padding_phone=&#8221;|10px||10px||true&#8221; custom_padding_last_edited=&#8221;on|desktop&#8221; global_colors_info=&#8221;{}&#8221; padding_phone=&#8221;|10px||10px||true&#8221; padding_tablet=&#8221;|||&#8221; padding_last_edited=&#8221;on|desktop&#8221; custom_padding__hover=&#8221;|||&#8221;][et_pb_text _builder_version=&#8221;4.19.0&#8243; text_font=&#8221;Lato||||||||&#8221; text_font_size=&#8221;20px&#8221; text_line_height=&#8221;1.8em&#8221; header_font=&#8221;Teko|500||on|||||&#8221; header_font_size=&#8221;9vw&#8221; header_letter_spacing=&#8221;0.05em&#8221; header_line_height=&#8221;0.9em&#8221; background_layout=&#8221;dark&#8221; custom_margin=&#8221;|-10vw|0px|&#8221; custom_margin_tablet=&#8221;|0vw||&#8221; custom_margin_phone=&#8221;|-5vw||&#8221; custom_margin_last_edited=&#8221;on|tablet&#8221; animation_style=&#8221;zoom&#8221; animation_delay=&#8221;100ms&#8221; animation_intensity_zoom=&#8221;10%&#8221; header_font_size_tablet=&#8221;&#8221; header_font_size_phone=&#8221;&#8221; header_font_size_last_edited=&#8221;on|phone&#8221; header_line_height_tablet=&#8221;&#8221; header_line_height_phone=&#8221;1.2em&#8221; header_line_height_last_edited=&#8221;on|phone&#8221; header_text_shadow_style=&#8221;preset1&#8243; header_text_shadow_vertical_length=&#8221;0.18em&#8221; header_text_shadow_blur_strength=&#8221;0.27em&#8221; header_text_shadow_color=&#8221;rgba(0,0,0,0.38)&#8221; global_colors_info=&#8221;{}&#8221;]<\/p>\n<h1>GDPR<\/h1>\n<p>[\/et_pb_text][\/et_pb_column][et_pb_column type=&#8221;1_3&#8243; _builder_version=&#8221;4.16&#8243; custom_padding=&#8221;|||&#8221; global_colors_info=&#8221;{}&#8221; custom_padding__hover=&#8221;|||&#8221;][\/et_pb_column][\/et_pb_row][\/et_pb_section][et_pb_section fb_built=&#8221;1&#8243; admin_label=&#8221;About Us&#8221; _builder_version=&#8221;4.16&#8243; custom_padding=&#8221;120px|0px||0px|false|false&#8221; global_colors_info=&#8221;{}&#8221;][et_pb_row _builder_version=&#8221;4.16&#8243; max_width=&#8221;960px&#8221; module_alignment=&#8221;center&#8221; use_custom_width=&#8221;on&#8221; custom_width_px=&#8221;960px&#8221; locked=&#8221;off&#8221; global_colors_info=&#8221;{}&#8221;][et_pb_column type=&#8221;4_4&#8243; _builder_version=&#8221;4.16&#8243; custom_padding=&#8221;|||&#8221; global_colors_info=&#8221;{}&#8221; custom_padding__hover=&#8221;|||&#8221;][et_pb_text admin_label=&#8221;Title&#8221; _builder_version=&#8221;4.19.0&#8243; text_font=&#8221;Lato||||||||&#8221; text_font_size=&#8221;20px&#8221; text_line_height=&#8221;1.8em&#8221; header_font=&#8221;||||||||&#8221; header_2_font=&#8221;Teko||||||||&#8221; header_2_font_size=&#8221;96px&#8221; text_orientation=&#8221;center&#8221; max_width=&#8221;750px&#8221; module_alignment=&#8221;center&#8221; custom_margin=&#8221;|||&#8221; header_2_font_size_tablet=&#8221;66px&#8221; header_2_font_size_phone=&#8221;36px&#8221; header_2_font_size_last_edited=&#8221;on|phone&#8221; global_colors_info=&#8221;{}&#8221;]<\/p>\n<p><span>S.C. PROFISIB TRANS SPED S.R.L. cu sediul in Boita, Str. Alboiului 29, jud. Sibiu, inregistrata la Registrul Comertului din Sibiu sub numarul J32\/2224\/2022, cod fiscal RO 46984303, tel. +40 756 900 250, in calitate de operator si imputernicit, avand responsabil cu protectia datelor \u2013 Ravar Gheorghe- Mihaita, tel. +40 756 900 250 prelucreaza date cu caracter personal in baza consimtamantului dumneavoastra, in scop de reclama, marketing, publicitate, statistici, servicii de asigurare si reasigurare, comunicatii electronice, vanzare. Lista partenerilor nostri cuprinzand societatile, catre care pot fi transferate date cu caracter personal, o regasiti <\/span><em><u><a href=\"http:\/\/www.compexit.ro\/files\/protectia-datelor-cu-caracter-personal\/lista_parteneri.pdf\" target=\"_blank\" rel=\"noopener noreferrer\">aici.<\/a><\/u><\/em><span>\u00a0Datele cu caracter personal furnizate vor fi stocate si prelucrate pana la revocarea consimtamantului.\u00a0<\/span><a href=\"http:\/\/www.dataprotection.ro\/?page=Regulamentul_nr_679_2016\" target=\"_blank\" rel=\"noopener noreferrer\"><strong>Conform Regulamentului (UE)2016\/679\u00a0aplicabil din 25 mai 2018<\/strong><\/a><span>\u00a0aveti garantat dreptul de a solicita operatorului, informatii \u00een ceea ce prive\u015fte datele cu caracter personal referitoare la persoana vizat\u0103, accesul la acestea, rectificarea sau \u015ftergerea acestora sau restric\u0163ionarea prelucr\u0103rii \u015fi a dreptului de a va opune prelucr\u0103rii, precum \u015fi a dreptului la portabilitatea datelor; dreptul de a retrage consim\u0163\u0103m\u00e2ntul \u00een orice moment, dreptul de a depune o pl\u00e2ngere \u00een fa\u0163a unei autorit\u0103\u0163i de supraveghere.<\/span><\/p>\n<h3><strong><\/strong><\/h3>\n<h3><strong>DREPTUL DE ACCES AL PERSOANEI VIZATE<\/strong><\/h3>\n<p><span>Persoana vizat\u0103 are dreptul de a ob\u0163ine din partea operatorului o confirmare c\u0103 se prelucreaz\u0103 date cu caracter personal, categoria acestora, scopul, perioada pentru care se preconizeaza ca vor fi prelucrate datele care o privesc \u015fi drept de acces la datele respective.<\/span><\/p>\n<h3><strong><\/strong><\/h3>\n<h3><strong>DREPTUL LA RECTIFICARE<\/strong><\/h3>\n<p><span>Persoana vizat\u0103 are dreptul de a ob\u0163ine de la operator rectificarea datelor cu caracter personal inexacte care o privesc si completarea datelor cu caracter personal care sunt incomplete.<\/span><\/p>\n<h3><strong><\/strong><\/h3>\n<h3><strong>DREPTUL LA \u015eTERGEREA DATELOR<\/strong>\u00a0(\u201eDREPTUL DE A FI UITAT\u201d)<\/h3>\n<p><span>Persoana vizat\u0103 are dreptul de a ob\u0163ine din partea operatorului \u015ftergerea datelor cu caracter personal care o privesc, f\u0103r\u0103 \u00eent\u00e2rzieri nejustificate, iar operatorul are obliga\u0163ia de a \u015fterge datele cu caracter personal, f\u0103r\u0103 \u00eent\u00e2rzieri nejustificate, \u00een cazul \u00een care persoana vizat\u0103 \u00ee\u015fi retrage consim\u0163\u0103m\u00e2ntul pe baza c\u0103ruia are loc prelucrarea.<\/span><\/p>\n<h3><strong><\/strong><\/h3>\n<h3><strong>DREPTUL LA RESTRIC\u0162IONAREA PRELUCR\u0102RII<\/strong><\/h3>\n<p><span>Persoana vizata are dreptul de a obtine din partea operatorului restrictionarea prelucrarii, in situatia in care se contesta exactitatea datelor; daca prelucrarea este ilegala iar persoana vizata se opune stergerii, solicitand restrictionarea utilizarii datelor; operatorul nu mai are nevoie de datele cu caracter personal in scop de prelucrare, iar persoanei vizate i se solicita pentru aparea unui drept in instanta; s-a opus prelucrarii pentru intervalul de timp in care se verifica daca drepturile legitime ale operatorului prevaleaza asupra celor ale persoanei vizate.<\/span><\/p>\n<h3><strong><\/strong><\/h3>\n<h3><strong>DREPTUL LA PORTABILITATEA DATELOR<\/strong><\/h3>\n<p><span>Persoana vizat\u0103 are dreptul de a primi datele cu caracter personal care o privesc \u015fi pe care le-a furnizat operatorului \u00eentr-un format structurat, utilizat \u00een mod curent \u015fi care poate fi citit automat \u015fi are dreptul de a transmite aceste date altui operator, f\u0103r\u0103 obstacole din partea operatorului c\u0103ruia i-au fost furnizate datele cu caracter personal, \u00een cazul \u00een care prelucrarea se bazeaz\u0103 pe consim\u0163\u0103m\u00e2nt. Persoana vizat\u0103 are dreptul ca datele cu caracter personal s\u0103 fie transmise direct de la un operator la altul acolo unde acest lucru este fezabil din punct de vedere tehnic.<\/span><\/p>\n<h3><strong><\/strong><\/h3>\n<h3><strong>DREPTUL LA OPOZI\u0162IE<\/strong><\/h3>\n<p><span>Persoana vizat\u0103 are dreptul de a se opune, din motive legate de situa\u0163ia particular\u0103 \u00een care se afl\u0103, prelucr\u0103rii a datelor cu caracter personal care o privesc, inclusiv cre\u0103rii de profiluri pe baza respectivelor dispozi\u0163ii, daca privesc marketingul direct. Procesul decizional individual automatizat, inclusiv crearea de profiluri Persoana vizat\u0103 are dreptul de a nu face obiectul unei decizii bazate exclusiv pe prelucrarea automat\u0103, inclusiv crearea de profiluri, care produce efecte juridice care privesc persoana vizat\u0103 sau o afecteaz\u0103 \u00een mod similar \u00eentr-o m\u0103sur\u0103 semnificativ\u0103. Nu se aplic\u0103 \u00een cazul \u00een care decizia:<\/span><\/p>\n<ol type=\"a\">\n<li>este necesar\u0103 pentru \u00eencheierea sau executarea unui contract \u00eentre persoana vizat\u0103 \u015fi un operator de date;<\/li>\n<li>este autorizat\u0103 prin dreptul Uniunii sau dreptul intern care se aplic\u0103 operatorului \u015fi care prevede, de asemenea, m\u0103suri corespunz\u0103toare pentru protejarea drepturilor, libert\u0103\u0163ilor \u015fi intereselor legitime ale persoanei vizate; sau<\/li>\n<li>are la baz\u0103 consim\u0163\u0103m\u00e2ntul explicit al persoanei vizate.<\/li>\n<\/ol>\n<p><span>Mai multe informatii despre Regulamentul (UE) 2016\/679 privind protectia persoanelor fizice in ceea ce priveste prelucrarea datelor cu caracter personal si privind libera circulatie a acestor date si de abrogare a Directivei 95\/46\/CE (Regulamentul general privind protectia datelor) regasiti\u00a0<\/span><strong><em><u><a title=\"aici.\" href=\"http:\/\/www.dataprotection.ro\/?page=Regulamentul_nr_679_2016\" target=\"_blank\" rel=\"noopener noreferrer\">aici.<\/a><\/u><\/em><\/strong><\/p>\n<p>[\/et_pb_text][\/et_pb_column][\/et_pb_row][\/et_pb_section]<\/p>\n","protected":false},"excerpt":{"rendered":"<p>GDPRS.C. PROFISIB TRANS SPED S.R.L. cu sediul in Boita, Str. Alboiului 29, jud. Sibiu, inregistrata la Registrul Comertului din Sibiu sub numarul J32\/2224\/2022, cod fiscal RO 46984303, tel. +40 756 900 250, in calitate de operator si imputernicit, avand responsabil cu protectia datelor \u2013 Ravar Gheorghe- Mihaita, tel. +40 756 900 250 prelucreaza date cu [&hellip;]<\/p>\n","protected":false},"author":1,"featured_media":0,"parent":0,"menu_order":0,"comment_status":"closed","ping_status":"closed","template":"","meta":{"_et_pb_use_builder":"on","_et_pb_old_content":"","_et_gb_content_width":"","footnotes":""},"class_list":["post-46","page","type-page","status-publish","hentry"],"_links":{"self":[{"href":"https:\/\/profisibspedition.ro\/index.php\/wp-json\/wp\/v2\/pages\/46","targetHints":{"allow":["GET"]}}],"collection":[{"href":"https:\/\/profisibspedition.ro\/index.php\/wp-json\/wp\/v2\/pages"}],"about":[{"href":"https:\/\/profisibspedition.ro\/index.php\/wp-json\/wp\/v2\/types\/page"}],"author":[{"embeddable":true,"href":"https:\/\/profisibspedition.ro\/index.php\/wp-json\/wp\/v2\/users\/1"}],"replies":[{"embeddable":true,"href":"https:\/\/profisibspedition.ro\/index.php\/wp-json\/wp\/v2\/comments?post=46"}],"version-history":[{"count":3,"href":"https:\/\/profisibspedition.ro\/index.php\/wp-json\/wp\/v2\/pages\/46\/revisions"}],"predecessor-version":[{"id":56,"href":"https:\/\/profisibspedition.ro\/index.php\/wp-json\/wp\/v2\/pages\/46\/revisions\/56"}],"wp:attachment":[{"href":"https:\/\/profisibspedition.ro\/index.php\/wp-json\/wp\/v2\/media?parent=46"}],"curies":[{"name":"wp","href":"https:\/\/api.w.org\/{rel}","templated":true}]}}